{"id":177,"date":"2021-07-01T16:24:12","date_gmt":"2021-07-01T14:24:12","guid":{"rendered":"https:\/\/cloudpens.prodir.com\/get-started\/empiece-con-cloud-pens\/"},"modified":"2022-02-21T12:22:03","modified_gmt":"2022-02-21T10:22:03","slug":"empiece-con-cloud-pens","status":"publish","type":"page","link":"https:\/\/cloudpens.prodir.com\/get-started\/es\/","title":{"rendered":"\u00a1Empiece con Cloud Pens!"},"content":{"rendered":"\n<h2 class=\"wp-block-heading\">\u00a1Empiece con Cloud Pens!<\/h2>\n\n<p>Bienvenido a la dimensi\u00f3n digital de su publicidad h\u00e1ptica. Gracias por elegir nuestro Cloud Pens Design Service. Nuestro equipo creativo dise\u00f1ar\u00e1 la mejor propuesta gr\u00e1fica para su landing page, perfectamente adaptada a sus objetivos de marketing y su dise\u00f1o corporativo.<\/p>\n\n<p>Para poder empezar, necesitamos conocer un poco m\u00e1s su proyecto en cinco sencillos pasos.<\/p>\n","protected":false},"excerpt":{"rendered":"<p>\u00a1Empiece con Cloud Pens! Bienvenido a la dimensi\u00f3n digital de su publicidad h\u00e1ptica. Gracias por elegir nuestro Cloud Pens Design Service. Nuestro equipo creativo dise\u00f1ar\u00e1 la mejor propuesta gr\u00e1fica para su landing page, perfectamente adaptada a sus objetivos de marketing y su dise\u00f1o corporativo. Para poder empezar, necesitamos conocer un poco m\u00e1s su proyecto en &hellip;<\/p>\n","protected":false},"author":1,"featured_media":0,"parent":0,"menu_order":0,"comment_status":"closed","ping_status":"closed","template":"page-templates\/front-page.php","meta":{"_acf_changed":false,"inline_featured_image":false,"footnotes":""},"class_list":["post-177","page","type-page","status-publish","hentry"],"acf":[],"_links":{"self":[{"href":"https:\/\/cloudpens.prodir.com\/get-started\/es\/wp-json\/wp\/v2\/pages\/177","targetHints":{"allow":["GET"]}}],"collection":[{"href":"https:\/\/cloudpens.prodir.com\/get-started\/es\/wp-json\/wp\/v2\/pages"}],"about":[{"href":"https:\/\/cloudpens.prodir.com\/get-started\/es\/wp-json\/wp\/v2\/types\/page"}],"author":[{"embeddable":true,"href":"https:\/\/cloudpens.prodir.com\/get-started\/es\/wp-json\/wp\/v2\/users\/1"}],"replies":[{"embeddable":true,"href":"https:\/\/cloudpens.prodir.com\/get-started\/es\/wp-json\/wp\/v2\/comments?post=177"}],"version-history":[{"count":0,"href":"https:\/\/cloudpens.prodir.com\/get-started\/es\/wp-json\/wp\/v2\/pages\/177\/revisions"}],"wp:attachment":[{"href":"https:\/\/cloudpens.prodir.com\/get-started\/es\/wp-json\/wp\/v2\/media?parent=177"}],"curies":[{"name":"wp","href":"https:\/\/api.w.org\/{rel}","templated":true}]}}