{"id":173,"date":"2021-07-01T16:24:12","date_gmt":"2021-07-01T14:24:12","guid":{"rendered":"https:\/\/cloudpens.prodir.com\/get-started\/los-gehts-mit-cloud-pens\/"},"modified":"2022-11-08T11:23:16","modified_gmt":"2022-11-08T09:23:16","slug":"los-gehts-mit-cloud-pens","status":"publish","type":"page","link":"https:\/\/cloudpens.prodir.com\/get-started\/de\/","title":{"rendered":"Starte mit Cloud Pens!"},"content":{"rendered":"\n<h2 class=\"wp-block-heading\">Starte mit Cloud Pens!<\/h2>\n\n<p>Willkommen zur digitalen Dimension deiner haptischen Werbung. Danke, dass du dich f\u00fcr unseren Cloud Pens Design Service entschieden hast. Unser Design-Team wird den besten graphischen Vorschlag f\u00fcr deine Landing Page entwickeln, perfekt zugeschnitten auf deine Marketingziele und Ihr dein Corporate Design.<\/p>\n\n<p>Um beginnen zu k\u00f6nnen, ben\u00f6tigen wir in f\u00fcnf simplen Schritten einige Informationen \u00fcber dein  Projekt.<\/p>\n","protected":false},"excerpt":{"rendered":"<p>Starte mit Cloud Pens! Willkommen zur digitalen Dimension deiner haptischen Werbung. Danke, dass du dich f\u00fcr unseren Cloud Pens Design Service entschieden hast. Unser Design-Team wird den besten graphischen Vorschlag f\u00fcr deine Landing Page entwickeln, perfekt zugeschnitten auf deine Marketingziele und Ihr dein Corporate Design. Um beginnen zu k\u00f6nnen, ben\u00f6tigen wir in f\u00fcnf simplen Schritten &hellip;<\/p>\n","protected":false},"author":1,"featured_media":0,"parent":0,"menu_order":0,"comment_status":"closed","ping_status":"closed","template":"page-templates\/front-page.php","meta":{"_acf_changed":false,"inline_featured_image":false,"footnotes":""},"class_list":["post-173","page","type-page","status-publish","hentry"],"acf":[],"_links":{"self":[{"href":"https:\/\/cloudpens.prodir.com\/get-started\/de\/wp-json\/wp\/v2\/pages\/173","targetHints":{"allow":["GET"]}}],"collection":[{"href":"https:\/\/cloudpens.prodir.com\/get-started\/de\/wp-json\/wp\/v2\/pages"}],"about":[{"href":"https:\/\/cloudpens.prodir.com\/get-started\/de\/wp-json\/wp\/v2\/types\/page"}],"author":[{"embeddable":true,"href":"https:\/\/cloudpens.prodir.com\/get-started\/de\/wp-json\/wp\/v2\/users\/1"}],"replies":[{"embeddable":true,"href":"https:\/\/cloudpens.prodir.com\/get-started\/de\/wp-json\/wp\/v2\/comments?post=173"}],"version-history":[{"count":0,"href":"https:\/\/cloudpens.prodir.com\/get-started\/de\/wp-json\/wp\/v2\/pages\/173\/revisions"}],"wp:attachment":[{"href":"https:\/\/cloudpens.prodir.com\/get-started\/de\/wp-json\/wp\/v2\/media?parent=173"}],"curies":[{"name":"wp","href":"https:\/\/api.w.org\/{rel}","templated":true}]}}